{"id":411,"date":"2022-08-18T10:57:43","date_gmt":"2022-08-18T08:57:43","guid":{"rendered":"https:\/\/foreningenkult.dk\/?page_id=411"},"modified":"2026-02-16T21:53:22","modified_gmt":"2026-02-16T20:53:22","slug":"praktisk-info","status":"publish","type":"page","link":"https:\/\/foreningenkult.dk\/?page_id=411","title":{"rendered":"Praktisk info"},"content":{"rendered":"\t\t<div data-elementor-type=\"wp-page\" data-elementor-id=\"411\" class=\"elementor elementor-411\">\n\t\t\t\t\t\t\t\t\t<section class=\"elementor-section elementor-top-section elementor-element elementor-element-5899017 elementor-section-boxed elementor-section-height-default elementor-section-height-default\" data-id=\"5899017\" data-element_type=\"section\">\n\t\t\t\t\t\t<div class=\"elementor-container elementor-column-gap-default\">\n\t\t\t\t\t<div class=\"elementor-column elementor-col-100 elementor-top-column elementor-element elementor-element-c13e92b\" data-id=\"c13e92b\" data-element_type=\"column\">\n\t\t\t<div class=\"elementor-widget-wrap elementor-element-populated\">\n\t\t\t\t\t\t\t\t<div class=\"elementor-element elementor-element-69d121e elementor-widget elementor-widget-text-editor\" data-id=\"69d121e\" data-element_type=\"widget\" data-widget_type=\"text-editor.default\">\n\t\t\t\t<div class=\"elementor-widget-container\">\n\t\t\t<style>\/*! elementor - v3.7.4 - 31-08-2022 *\/\n.elementor-widget-text-editor.elementor-drop-cap-view-stacked .elementor-drop-cap{background-color:#818a91;color:#fff}.elementor-widget-text-editor.elementor-drop-cap-view-framed .elementor-drop-cap{color:#818a91;border:3px solid;background-color:transparent}.elementor-widget-text-editor:not(.elementor-drop-cap-view-default) .elementor-drop-cap{margin-top:8px}.elementor-widget-text-editor:not(.elementor-drop-cap-view-default) .elementor-drop-cap-letter{width:1em;height:1em}.elementor-widget-text-editor .elementor-drop-cap{float:left;text-align:center;line-height:1;font-size:50px}.elementor-widget-text-editor .elementor-drop-cap-letter{display:inline-block}<\/style>\t\t\t\t<p><span style=\"font-family: Roboto, sans-serif; font-size: 16px; font-style: normal; font-variant-ligatures: none; font-variant-caps: normal; font-weight: 400;\">Generalforsamling: Der afholdes generalforsamling tirsdag d. 3\/3 2026 kl. 19:00 i&nbsp;<\/span><span style=\"font-size: 16px; text-transform: inherit;\"><\/span><span style=\"font-family: Roboto, sans-serif; font-size: 16px; font-style: normal; font-variant-ligatures: none; font-variant-caps: normal; font-weight: 400; text-transform: inherit;\">Multisalen v. Bogense Skole, Gyldensteensvej 2, 5400 Bogense<\/span><\/p>\n<p><span style=\"font-size: 16px; text-transform: inherit;\">De fleste af KULTs arrangementer afholdes i <\/span><em style=\"font-size: 16px; text-transform: inherit;\">Multisalen<\/em><span style=\"font-size: 16px; text-transform: inherit;\"> ved Bogense Skole (Gyldensteensvej 2, Bogense). Den gamle gymnastiksal, der er flot ombygget til kulturform\u00e5l, danner en dejlig ramme om aktiviteterne, hvad enten det drejer sig om foredrag, udstillinger eller koncerter. Intimitet og glimrende akustik g\u00f8r stedet ideelt til arrangementer op til ca. 100 personer.<\/span><\/p>\n<p>Til KULTs arrangementer kan du altid k\u00f8be vin, \u00f8l og vand, samt kaffe med sm\u00e5kager til rimelige priser.<\/p>\n<p>Multisalen er handicapvenlig, og der er gratis parkering i n\u00e6rheden.<\/p>\n<p><strong>Kontakt:&nbsp;<\/strong><a style=\"font-size: 16px; text-transform: inherit;\" href=\"mailto:foreningenkult@gmail.com\">foreningenkult@gmail.com<\/a><\/p>\n<p>Henning Gammelgaard (formand): Mobil 28 11 59 15&nbsp;<\/p>\n<p><span style=\"font-family: Roboto, sans-serif; font-style: normal; font-variant-ligatures: none; font-variant-caps: normal; font-weight: 400; text-transform: inherit; text-align: right;\">Niels Christensen<\/span><span style=\"font-family: Roboto, sans-serif; font-style: normal; font-variant-ligatures: none; font-variant-caps: normal; font-weight: 400; text-transform: inherit; font-size: 14px; text-align: right;\">&nbsp;<\/span><span style=\"font-size: 16px; text-transform: inherit;\">(kass\u00e9rer): Mobil 61 28 36 81<\/span><\/p>\n<p><strong>Foreningen KULT <\/strong>CVR nr. 42 49 25 31<\/p>\n<p><b>Bank<\/b>: Nordfyns Bank reg.nr. 6860&nbsp; kontonr. 12 10 757<\/p>\n<p><b>MobilePay<\/b>: 28 32 78<\/p>\t\t\t\t\t\t<\/div>\n\t\t\t\t<\/div>\n\t\t\t\t\t<\/div>\n\t\t<\/div>\n\t\t\t\t\t\t\t<\/div>\n\t\t<\/section>\n\t\t\t\t<section class=\"elementor-section elementor-top-section elementor-element elementor-element-7719ce8 elementor-section-boxed elementor-section-height-default elementor-section-height-default\" data-id=\"7719ce8\" data-element_type=\"section\">\n\t\t\t\t\t\t<div class=\"elementor-container elementor-column-gap-default\">\n\t\t\t\t\t<div class=\"elementor-column elementor-col-50 elementor-top-column elementor-element elementor-element-e41a2ce\" data-id=\"e41a2ce\" data-element_type=\"column\">\n\t\t\t<div class=\"elementor-widget-wrap elementor-element-populated\">\n\t\t\t\t\t\t\t\t<div class=\"elementor-element elementor-element-16ba135 elementor-widget elementor-widget-image\" data-id=\"16ba135\" data-element_type=\"widget\" data-widget_type=\"image.default\">\n\t\t\t\t<div class=\"elementor-widget-container\">\n\t\t\t<style>\/*! elementor - v3.7.4 - 31-08-2022 *\/\n.elementor-widget-image{text-align:center}.elementor-widget-image a{display:inline-block}.elementor-widget-image a img[src$=\".svg\"]{width:48px}.elementor-widget-image img{vertical-align:middle;display:inline-block}<\/style>\t\t\t\t\t\t\t\t\t\t\t\t<img decoding=\"async\" width=\"605\" height=\"463\" src=\"https:\/\/foreningenkult.dk\/wp-content\/uploads\/2022\/08\/Musicalaften-sal-beskaaret-1024x783.jpg\" class=\"attachment-large size-large\" alt=\"\" loading=\"lazy\" srcset=\"https:\/\/foreningenkult.dk\/wp-content\/uploads\/2022\/08\/Musicalaften-sal-beskaaret-1024x783.jpg 1024w, https:\/\/foreningenkult.dk\/wp-content\/uploads\/2022\/08\/Musicalaften-sal-beskaaret-300x229.jpg 300w, https:\/\/foreningenkult.dk\/wp-content\/uploads\/2022\/08\/Musicalaften-sal-beskaaret-768x587.jpg 768w, https:\/\/foreningenkult.dk\/wp-content\/uploads\/2022\/08\/Musicalaften-sal-beskaaret-100x76.jpg 100w, https:\/\/foreningenkult.dk\/wp-content\/uploads\/2022\/08\/Musicalaften-sal-beskaaret-150x115.jpg 150w, https:\/\/foreningenkult.dk\/wp-content\/uploads\/2022\/08\/Musicalaften-sal-beskaaret-200x153.jpg 200w, https:\/\/foreningenkult.dk\/wp-content\/uploads\/2022\/08\/Musicalaften-sal-beskaaret-450x344.jpg 450w, https:\/\/foreningenkult.dk\/wp-content\/uploads\/2022\/08\/Musicalaften-sal-beskaaret-600x459.jpg 600w, https:\/\/foreningenkult.dk\/wp-content\/uploads\/2022\/08\/Musicalaften-sal-beskaaret-900x688.jpg 900w, https:\/\/foreningenkult.dk\/wp-content\/uploads\/2022\/08\/Musicalaften-sal-beskaaret.jpg 1455w\" sizes=\"(max-width: 605px) 100vw, 605px\" \/>\t\t\t\t\t\t\t\t\t\t\t\t\t\t\t<\/div>\n\t\t\t\t<\/div>\n\t\t\t\t\t<\/div>\n\t\t<\/div>\n\t\t\t\t<div class=\"elementor-column elementor-col-50 elementor-top-column elementor-element elementor-element-6e8d79f\" data-id=\"6e8d79f\" data-element_type=\"column\">\n\t\t\t<div class=\"elementor-widget-wrap elementor-element-populated\">\n\t\t\t\t\t\t\t\t<div class=\"elementor-element elementor-element-931844f elementor-widget elementor-widget-image\" data-id=\"931844f\" data-element_type=\"widget\" data-widget_type=\"image.default\">\n\t\t\t\t<div class=\"elementor-widget-container\">\n\t\t\t\t\t\t\t\t\t\t\t\t<figure class=\"wp-caption\">\n\t\t\t\t\t\t\t\t\t\t<img decoding=\"async\" width=\"605\" height=\"316\" src=\"https:\/\/foreningenkult.dk\/wp-content\/uploads\/2022\/04\/KULT-arrangement-med-Blonde-Bass-1024x535.jpg\" class=\"attachment-large size-large\" alt=\"\" loading=\"lazy\" srcset=\"https:\/\/foreningenkult.dk\/wp-content\/uploads\/2022\/04\/KULT-arrangement-med-Blonde-Bass-1024x535.jpg 1024w, https:\/\/foreningenkult.dk\/wp-content\/uploads\/2022\/04\/KULT-arrangement-med-Blonde-Bass-300x157.jpg 300w, https:\/\/foreningenkult.dk\/wp-content\/uploads\/2022\/04\/KULT-arrangement-med-Blonde-Bass-768x401.jpg 768w, https:\/\/foreningenkult.dk\/wp-content\/uploads\/2022\/04\/KULT-arrangement-med-Blonde-Bass-100x52.jpg 100w, https:\/\/foreningenkult.dk\/wp-content\/uploads\/2022\/04\/KULT-arrangement-med-Blonde-Bass-150x78.jpg 150w, https:\/\/foreningenkult.dk\/wp-content\/uploads\/2022\/04\/KULT-arrangement-med-Blonde-Bass-200x104.jpg 200w, https:\/\/foreningenkult.dk\/wp-content\/uploads\/2022\/04\/KULT-arrangement-med-Blonde-Bass-450x235.jpg 450w, https:\/\/foreningenkult.dk\/wp-content\/uploads\/2022\/04\/KULT-arrangement-med-Blonde-Bass-600x313.jpg 600w, https:\/\/foreningenkult.dk\/wp-content\/uploads\/2022\/04\/KULT-arrangement-med-Blonde-Bass-900x470.jpg 900w, https:\/\/foreningenkult.dk\/wp-content\/uploads\/2022\/04\/KULT-arrangement-med-Blonde-Bass.jpg 1228w\" sizes=\"(max-width: 605px) 100vw, 605px\" \/>\t\t\t\t\t\t\t\t\t\t\t<figcaption class=\"widget-image-caption wp-caption-text\">F\u00f8lg os p\u00e5 Facebook: Foreningen KULT<\/figcaption>\n\t\t\t\t\t\t\t\t\t\t<\/figure>\n\t\t\t\t\t\t\t\t\t<\/div>\n\t\t\t\t<\/div>\n\t\t\t\t\t<\/div>\n\t\t<\/div>\n\t\t\t\t\t\t\t<\/div>\n\t\t<\/section>\n\t\t\t\t\t\t\t<\/div>\n\t\t","protected":false},"excerpt":{"rendered":"<p>Generalforsamling: Der afholdes generalforsamling tirsdag d. 3\/3 2026 kl. 19:00 i&nbsp;Multisalen v. Bogense Skole, Gyldensteensvej 2, 5400 Bogense De fleste af KULTs arrangementer afholdes i Multisalen ved Bogense Skole (Gyldensteensvej 2, Bogense). Den gamle gymnastiksal, der er flot ombygget til &hellip;<\/p>\n<p class=\"read-more\"> <a class=\"more-link\" href=\"https:\/\/foreningenkult.dk\/?page_id=411\"> <span class=\"screen-reader-text\">Praktisk info<\/span> Read More &raquo;<\/a><\/p>\n","protected":false},"author":1,"featured_media":0,"parent":0,"menu_order":0,"comment_status":"closed","ping_status":"closed","template":"full-width-page.php","meta":{"_price":"","_stock":"","_tribe_ticket_header":"","_tribe_default_ticket_provider":"","_tribe_ticket_capacity":"0","_ticket_start_date":"","_ticket_end_date":"","_tribe_ticket_show_description":"","_tribe_ticket_show_not_going":false,"_tribe_ticket_use_global_stock":"","_tribe_ticket_global_stock_level":"","_global_stock_mode":"","_global_stock_cap":"","_tribe_rsvp_for_event":"","_tribe_ticket_going_count":"","_tribe_ticket_not_going_count":"","_tribe_tickets_list":[],"_tribe_ticket_has_attendee_info_fields":false},"_links":{"self":[{"href":"https:\/\/foreningenkult.dk\/index.php?rest_route=\/wp\/v2\/pages\/411"}],"collection":[{"href":"https:\/\/foreningenkult.dk\/index.php?rest_route=\/wp\/v2\/pages"}],"about":[{"href":"https:\/\/foreningenkult.dk\/index.php?rest_route=\/wp\/v2\/types\/page"}],"author":[{"embeddable":true,"href":"https:\/\/foreningenkult.dk\/index.php?rest_route=\/wp\/v2\/users\/1"}],"replies":[{"embeddable":true,"href":"https:\/\/foreningenkult.dk\/index.php?rest_route=%2Fwp%2Fv2%2Fcomments&post=411"}],"version-history":[{"count":53,"href":"https:\/\/foreningenkult.dk\/index.php?rest_route=\/wp\/v2\/pages\/411\/revisions"}],"predecessor-version":[{"id":1200,"href":"https:\/\/foreningenkult.dk\/index.php?rest_route=\/wp\/v2\/pages\/411\/revisions\/1200"}],"wp:attachment":[{"href":"https:\/\/foreningenkult.dk\/index.php?rest_route=%2Fwp%2Fv2%2Fmedia&parent=411"}],"curies":[{"name":"wp","href":"https:\/\/api.w.org\/{rel}","templated":true}]}}