{"id":7,"date":"2019-11-11T11:54:09","date_gmt":"2019-11-11T11:54:09","guid":{"rendered":"https:\/\/ccreadysites.cyberchimps.com\/one-page-base\/?page_id=2"},"modified":"2026-02-16T21:51:33","modified_gmt":"2026-02-16T20:51:33","slug":"om-foreningen-kult","status":"publish","type":"page","link":"https:\/\/foreningenkult.dk\/?page_id=7","title":{"rendered":"Om os"},"content":{"rendered":"\t\t<div data-elementor-type=\"wp-page\" data-elementor-id=\"7\" class=\"elementor elementor-7\">\n\t\t\t\t\t\t\t\t\t<section class=\"elementor-section elementor-top-section elementor-element elementor-element-f670aa7 elementor-section-boxed elementor-section-height-default elementor-section-height-default\" data-id=\"f670aa7\" data-element_type=\"section\">\n\t\t\t\t\t\t<div class=\"elementor-container elementor-column-gap-default\">\n\t\t\t\t\t<div class=\"elementor-column elementor-col-50 elementor-top-column elementor-element elementor-element-661f07e\" data-id=\"661f07e\" data-element_type=\"column\">\n\t\t\t<div class=\"elementor-widget-wrap elementor-element-populated\">\n\t\t\t\t\t\t\t\t<div class=\"elementor-element elementor-element-d16aa63 elementor-widget elementor-widget-text-editor\" data-id=\"d16aa63\" data-element_type=\"widget\" data-widget_type=\"text-editor.default\">\n\t\t\t\t<div class=\"elementor-widget-container\">\n\t\t\t<style>\/*! elementor - v3.7.4 - 31-08-2022 *\/\n.elementor-widget-text-editor.elementor-drop-cap-view-stacked .elementor-drop-cap{background-color:#818a91;color:#fff}.elementor-widget-text-editor.elementor-drop-cap-view-framed .elementor-drop-cap{color:#818a91;border:3px solid;background-color:transparent}.elementor-widget-text-editor:not(.elementor-drop-cap-view-default) .elementor-drop-cap{margin-top:8px}.elementor-widget-text-editor:not(.elementor-drop-cap-view-default) .elementor-drop-cap-letter{width:1em;height:1em}.elementor-widget-text-editor .elementor-drop-cap{float:left;text-align:center;line-height:1;font-size:50px}.elementor-widget-text-editor .elementor-drop-cap-letter{display:inline-block}<\/style>\t\t\t\t<p><!-- wp:paragraph --><\/p>\n<p>Foreningen KULT blev stiftet p\u00e5 generalforsamling d. 15. juni 2021 med den hensigt at fremme kunst, kultur og f\u00e6llesskaber i Bogense og omegn. KULT \u00f8nsker at lave kulturarrangementer, hvor kvaliteten er h\u00f8j, atmosf\u00e6ren og stemningen im\u00f8dekommende og billetten til at betale. Kun arrangementer, som vi selv har lyst til at deltage i, kommer p\u00e5 programmet.<\/p>\n<p><span style=\"font-size: 16px; text-transform: inherit;\">Alle midler i KULT bruges udelukkende p\u00e5 at muligg\u00f8re nye aktiviteter.<\/span><\/p>\n<p><!-- \/wp:paragraph --><!-- wp:paragraph --><\/p>\n<p>Foreningens form\u00e5l er: \u201d<em>at virke til fremme af kunstneriske aktiviteter og f\u00e6llesskaber i Bogense og omegn, ved at supplere med nye initiativer, der udfordrer og udvikler det eksisterende kunst- og kulturliv til gl\u00e6de for egnens borgere og g\u00e6ster.\u201d<\/em> Vi vil ikke konkurrere med etablerede kultursteder, men gerne skabe sm\u00e5 \u2013 men interessante \u2013 kulturglimt, man gl\u00e6der sig til at komme til. Derfor l\u00e6gger vi os i selen for, at fx alle koncerter og foredrag byder p\u00e5 en sp\u00e6ndende oplevelse i afslappet cafe-stemning \u2013 altid med en god vin i glasset og dug p\u00e5 bordene.<\/p>\n<p><strong><em>Foreningen KULT takker sine sponsorer for den venlige st\u00f8tte til kulturlivet!<\/em><\/strong><\/p>\n<p><span style=\"font-family: Roboto, sans-serif; font-size: 16px; font-style: normal; font-variant-ligatures: none; font-variant-caps: normal; font-weight: 400;\">Generalforsamling: Der afholdes generalforsamling tirsdag d. 3\/3 2026 kl. 19:00 i&nbsp;<\/span><span style=\"font-family: Roboto, sans-serif; font-size: 16px; font-style: normal; font-variant-ligatures: none; font-variant-caps: normal; font-weight: 400; text-transform: inherit;\">Multisalen v. Bogense Skole, Gyldensteensvej 2, 5400 Bogense<\/span><\/p>\n<p><!-- \/wp:paragraph --><!-- wp:paragraph --><\/p>\n<p><!-- \/wp:paragraph --><!-- wp:paragraph --><\/p>\n<p><!-- \/wp:paragraph --><!-- wp:paragraph --><\/p>\n<p><!-- \/wp:paragraph --><!-- wp:paragraph --><\/p>\n<p><!-- \/wp:paragraph --><!-- wp:paragraph --><\/p>\n<p><!-- \/wp:paragraph --><\/p>\t\t\t\t\t\t<\/div>\n\t\t\t\t<\/div>\n\t\t\t\t\t<\/div>\n\t\t<\/div>\n\t\t\t\t<div class=\"elementor-column elementor-col-50 elementor-top-column elementor-element elementor-element-3f28fd5\" data-id=\"3f28fd5\" data-element_type=\"column\">\n\t\t\t<div class=\"elementor-widget-wrap elementor-element-populated\">\n\t\t\t\t\t\t\t\t<div class=\"elementor-element elementor-element-d7c5509 elementor-widget elementor-widget-text-editor\" data-id=\"d7c5509\" data-element_type=\"widget\" data-widget_type=\"text-editor.default\">\n\t\t\t\t<div class=\"elementor-widget-container\">\n\t\t\t\t\t\t\t<p><\/p>\n<p><strong style=\"font-size: 16px; text-transform: inherit;\">Bestyrelse (pr. 17.12.2024)<\/strong><span style=\"font-size: 16px; text-transform: inherit;\">:<\/span><\/p>\n<p>Formand: Henning Gammelgaard<\/p>\n<p>Kass\u00e9rer: Niels Christensen<\/p>\n<p>Sekret\u00e6r: Else Friis Anderson<\/p>\n<p>Medlem: Marianne Poulsen&nbsp;<\/p>\n<p>Medlem: Henrik Skovbo<\/p>\n<p>Medlem: Sigridur Thorvaldsdottir<\/p>\n<p>Medlem: Peter Lindeskov<\/p>\n<p><\/p>\n<p><strong><a href=\"http:\/\/foreningenkult.dk\/wp-content\/uploads\/2023\/04\/Vedtaegter-KULT-070323-paategnet.pdf\">L\u00e6s vores vedt\u00e6gter her.<\/a><\/strong><\/p>\t\t\t\t\t\t<\/div>\n\t\t\t\t<\/div>\n\t\t\t\t\t<\/div>\n\t\t<\/div>\n\t\t\t\t\t\t\t<\/div>\n\t\t<\/section>\n\t\t\t\t<section class=\"elementor-section elementor-top-section elementor-element elementor-element-feabe7b elementor-section-boxed elementor-section-height-default elementor-section-height-default\" data-id=\"feabe7b\" data-element_type=\"section\">\n\t\t\t\t\t\t<div class=\"elementor-container elementor-column-gap-default\">\n\t\t\t\t\t<div class=\"elementor-column elementor-col-50 elementor-top-column elementor-element elementor-element-592e54d\" data-id=\"592e54d\" data-element_type=\"column\">\n\t\t\t<div class=\"elementor-widget-wrap elementor-element-populated\">\n\t\t\t\t\t\t\t\t<div class=\"elementor-element elementor-element-a74850a elementor-widget elementor-widget-image\" data-id=\"a74850a\" data-element_type=\"widget\" data-widget_type=\"image.default\">\n\t\t\t\t<div class=\"elementor-widget-container\">\n\t\t\t<style>\/*! elementor - v3.7.4 - 31-08-2022 *\/\n.elementor-widget-image{text-align:center}.elementor-widget-image a{display:inline-block}.elementor-widget-image a img[src$=\".svg\"]{width:48px}.elementor-widget-image img{vertical-align:middle;display:inline-block}<\/style>\t\t\t\t\t\t\t\t\t\t\t\t<img decoding=\"async\" width=\"433\" height=\"165\" src=\"https:\/\/foreningenkult.dk\/wp-content\/uploads\/2022\/09\/Kyst-Campin-final-logo.png\" class=\"attachment-large size-large\" alt=\"\" loading=\"lazy\" srcset=\"https:\/\/foreningenkult.dk\/wp-content\/uploads\/2022\/09\/Kyst-Campin-final-logo.png 433w, https:\/\/foreningenkult.dk\/wp-content\/uploads\/2022\/09\/Kyst-Campin-final-logo-300x114.png 300w, https:\/\/foreningenkult.dk\/wp-content\/uploads\/2022\/09\/Kyst-Campin-final-logo-100x38.png 100w, https:\/\/foreningenkult.dk\/wp-content\/uploads\/2022\/09\/Kyst-Campin-final-logo-150x57.png 150w, https:\/\/foreningenkult.dk\/wp-content\/uploads\/2022\/09\/Kyst-Campin-final-logo-200x76.png 200w\" sizes=\"(max-width: 433px) 100vw, 433px\" \/>\t\t\t\t\t\t\t\t\t\t\t\t\t\t\t<\/div>\n\t\t\t\t<\/div>\n\t\t\t\t<div class=\"elementor-element elementor-element-c3f3d57 elementor-widget elementor-widget-image\" data-id=\"c3f3d57\" data-element_type=\"widget\" data-widget_type=\"image.default\">\n\t\t\t\t<div class=\"elementor-widget-container\">\n\t\t\t\t\t\t\t\t\t\t\t\t<figure class=\"wp-caption\">\n\t\t\t\t\t\t\t\t\t\t<img decoding=\"async\" width=\"260\" height=\"138\" src=\"https:\/\/foreningenkult.dk\/wp-content\/uploads\/2023\/04\/logo_nemtilmeld_large_grey.png\" class=\"attachment-large size-large\" alt=\"\" loading=\"lazy\" srcset=\"https:\/\/foreningenkult.dk\/wp-content\/uploads\/2023\/04\/logo_nemtilmeld_large_grey.png 260w, https:\/\/foreningenkult.dk\/wp-content\/uploads\/2023\/04\/logo_nemtilmeld_large_grey-100x53.png 100w, https:\/\/foreningenkult.dk\/wp-content\/uploads\/2023\/04\/logo_nemtilmeld_large_grey-150x80.png 150w, https:\/\/foreningenkult.dk\/wp-content\/uploads\/2023\/04\/logo_nemtilmeld_large_grey-200x106.png 200w\" sizes=\"(max-width: 260px) 100vw, 260px\" \/>\t\t\t\t\t\t\t\t\t\t\t<figcaption class=\"widget-image-caption wp-caption-text\"><\/figcaption>\n\t\t\t\t\t\t\t\t\t\t<\/figure>\n\t\t\t\t\t\t\t\t\t<\/div>\n\t\t\t\t<\/div>\n\t\t\t\t\t<\/div>\n\t\t<\/div>\n\t\t\t\t<div class=\"elementor-column elementor-col-25 elementor-top-column elementor-element elementor-element-401c9fc\" data-id=\"401c9fc\" data-element_type=\"column\">\n\t\t\t<div class=\"elementor-widget-wrap elementor-element-populated\">\n\t\t\t\t\t\t\t\t<div class=\"elementor-element elementor-element-730c739 elementor-widget elementor-widget-image\" data-id=\"730c739\" data-element_type=\"widget\" data-widget_type=\"image.default\">\n\t\t\t\t<div class=\"elementor-widget-container\">\n\t\t\t\t\t\t\t\t\t\t\t\t\t\t\t<img decoding=\"async\" width=\"605\" height=\"183\" src=\"https:\/\/foreningenkult.dk\/wp-content\/uploads\/2022\/08\/NordeaFonden_Logo_Black_RGB-1024x310.png\" class=\"attachment-large size-large\" alt=\"\" loading=\"lazy\" srcset=\"https:\/\/foreningenkult.dk\/wp-content\/uploads\/2022\/08\/NordeaFonden_Logo_Black_RGB-1024x310.png 1024w, https:\/\/foreningenkult.dk\/wp-content\/uploads\/2022\/08\/NordeaFonden_Logo_Black_RGB-300x91.png 300w, https:\/\/foreningenkult.dk\/wp-content\/uploads\/2022\/08\/NordeaFonden_Logo_Black_RGB-768x233.png 768w, https:\/\/foreningenkult.dk\/wp-content\/uploads\/2022\/08\/NordeaFonden_Logo_Black_RGB-100x30.png 100w, https:\/\/foreningenkult.dk\/wp-content\/uploads\/2022\/08\/NordeaFonden_Logo_Black_RGB-150x45.png 150w, https:\/\/foreningenkult.dk\/wp-content\/uploads\/2022\/08\/NordeaFonden_Logo_Black_RGB-200x61.png 200w, https:\/\/foreningenkult.dk\/wp-content\/uploads\/2022\/08\/NordeaFonden_Logo_Black_RGB-450x136.png 450w, https:\/\/foreningenkult.dk\/wp-content\/uploads\/2022\/08\/NordeaFonden_Logo_Black_RGB-600x182.png 600w, https:\/\/foreningenkult.dk\/wp-content\/uploads\/2022\/08\/NordeaFonden_Logo_Black_RGB-900x273.png 900w, https:\/\/foreningenkult.dk\/wp-content\/uploads\/2022\/08\/NordeaFonden_Logo_Black_RGB.png 1532w\" sizes=\"(max-width: 605px) 100vw, 605px\" \/>\t\t\t\t\t\t\t\t\t\t\t\t\t\t\t<\/div>\n\t\t\t\t<\/div>\n\t\t\t\t<div class=\"elementor-element elementor-element-c9c456d elementor-widget elementor-widget-image\" data-id=\"c9c456d\" data-element_type=\"widget\" data-widget_type=\"image.default\">\n\t\t\t\t<div class=\"elementor-widget-container\">\n\t\t\t\t\t\t\t\t\t\t\t\t\t\t\t<img decoding=\"async\" width=\"347\" height=\"346\" src=\"https:\/\/foreningenkult.dk\/wp-content\/uploads\/2023\/04\/Bogense-golfklub-logo.png\" class=\"attachment-large size-large\" alt=\"\" loading=\"lazy\" srcset=\"https:\/\/foreningenkult.dk\/wp-content\/uploads\/2023\/04\/Bogense-golfklub-logo.png 347w, https:\/\/foreningenkult.dk\/wp-content\/uploads\/2023\/04\/Bogense-golfklub-logo-300x299.png 300w, https:\/\/foreningenkult.dk\/wp-content\/uploads\/2023\/04\/Bogense-golfklub-logo-150x150.png 150w, https:\/\/foreningenkult.dk\/wp-content\/uploads\/2023\/04\/Bogense-golfklub-logo-100x100.png 100w, https:\/\/foreningenkult.dk\/wp-content\/uploads\/2023\/04\/Bogense-golfklub-logo-200x199.png 200w\" sizes=\"(max-width: 347px) 100vw, 347px\" \/>\t\t\t\t\t\t\t\t\t\t\t\t\t\t\t<\/div>\n\t\t\t\t<\/div>\n\t\t\t\t\t<\/div>\n\t\t<\/div>\n\t\t\t\t<div class=\"elementor-column elementor-col-25 elementor-top-column elementor-element elementor-element-00fa223\" data-id=\"00fa223\" data-element_type=\"column\">\n\t\t\t<div class=\"elementor-widget-wrap elementor-element-populated\">\n\t\t\t\t\t\t\t\t<div class=\"elementor-element elementor-element-0a3f5d1 elementor-widget elementor-widget-image\" data-id=\"0a3f5d1\" data-element_type=\"widget\" data-widget_type=\"image.default\">\n\t\t\t\t<div class=\"elementor-widget-container\">\n\t\t\t\t\t\t\t\t\t\t\t\t\t\t\t<img decoding=\"async\" width=\"605\" height=\"207\" src=\"https:\/\/foreningenkult.dk\/wp-content\/uploads\/2022\/08\/Nordfyns-Komm-Logo-hvid-baggrund-bredt-format-1024x351.png\" class=\"attachment-large size-large\" alt=\"\" loading=\"lazy\" srcset=\"https:\/\/foreningenkult.dk\/wp-content\/uploads\/2022\/08\/Nordfyns-Komm-Logo-hvid-baggrund-bredt-format-1024x351.png 1024w, https:\/\/foreningenkult.dk\/wp-content\/uploads\/2022\/08\/Nordfyns-Komm-Logo-hvid-baggrund-bredt-format-300x103.png 300w, https:\/\/foreningenkult.dk\/wp-content\/uploads\/2022\/08\/Nordfyns-Komm-Logo-hvid-baggrund-bredt-format-768x263.png 768w, https:\/\/foreningenkult.dk\/wp-content\/uploads\/2022\/08\/Nordfyns-Komm-Logo-hvid-baggrund-bredt-format-1536x526.png 1536w, https:\/\/foreningenkult.dk\/wp-content\/uploads\/2022\/08\/Nordfyns-Komm-Logo-hvid-baggrund-bredt-format-2048x702.png 2048w, https:\/\/foreningenkult.dk\/wp-content\/uploads\/2022\/08\/Nordfyns-Komm-Logo-hvid-baggrund-bredt-format-100x34.png 100w, https:\/\/foreningenkult.dk\/wp-content\/uploads\/2022\/08\/Nordfyns-Komm-Logo-hvid-baggrund-bredt-format-150x51.png 150w, https:\/\/foreningenkult.dk\/wp-content\/uploads\/2022\/08\/Nordfyns-Komm-Logo-hvid-baggrund-bredt-format-200x69.png 200w, https:\/\/foreningenkult.dk\/wp-content\/uploads\/2022\/08\/Nordfyns-Komm-Logo-hvid-baggrund-bredt-format-450x154.png 450w, https:\/\/foreningenkult.dk\/wp-content\/uploads\/2022\/08\/Nordfyns-Komm-Logo-hvid-baggrund-bredt-format-600x206.png 600w, https:\/\/foreningenkult.dk\/wp-content\/uploads\/2022\/08\/Nordfyns-Komm-Logo-hvid-baggrund-bredt-format-900x308.png 900w\" sizes=\"(max-width: 605px) 100vw, 605px\" \/>\t\t\t\t\t\t\t\t\t\t\t\t\t\t\t<\/div>\n\t\t\t\t<\/div>\n\t\t\t\t\t<\/div>\n\t\t<\/div>\n\t\t\t\t\t\t\t<\/div>\n\t\t<\/section>\n\t\t\t\t<section class=\"elementor-section elementor-top-section elementor-element elementor-element-55ac221 elementor-section-boxed elementor-section-height-default elementor-section-height-default\" data-id=\"55ac221\" data-element_type=\"section\">\n\t\t\t\t\t\t<div class=\"elementor-container elementor-column-gap-default\">\n\t\t\t\t\t<div class=\"elementor-column elementor-col-50 elementor-top-column elementor-element elementor-element-f8541e2\" data-id=\"f8541e2\" data-element_type=\"column\">\n\t\t\t<div class=\"elementor-widget-wrap\">\n\t\t\t\t\t\t\t\t\t<\/div>\n\t\t<\/div>\n\t\t\t\t<div class=\"elementor-column elementor-col-50 elementor-top-column elementor-element elementor-element-cdc126c\" data-id=\"cdc126c\" data-element_type=\"column\">\n\t\t\t<div class=\"elementor-widget-wrap\">\n\t\t\t\t\t\t\t\t\t<\/div>\n\t\t<\/div>\n\t\t\t\t\t\t\t<\/div>\n\t\t<\/section>\n\t\t\t\t\t\t\t<\/div>\n\t\t","protected":false},"excerpt":{"rendered":"<p>Foreningen KULT blev stiftet p\u00e5 generalforsamling d. 15. juni 2021 med den hensigt at fremme kunst, kultur og f\u00e6llesskaber i Bogense og omegn. KULT \u00f8nsker at lave kulturarrangementer, hvor kvaliteten er h\u00f8j, atmosf\u00e6ren og stemningen im\u00f8dekommende og billetten til at &hellip;<\/p>\n<p class=\"read-more\"> <a class=\"more-link\" href=\"https:\/\/foreningenkult.dk\/?page_id=7\"> <span class=\"screen-reader-text\">Om os<\/span> Read More &raquo;<\/a><\/p>\n","protected":false},"author":1,"featured_media":0,"parent":0,"menu_order":0,"comment_status":"closed","ping_status":"closed","template":"full-width-page.php","meta":{"_price":"","_stock":"","_tribe_ticket_header":"","_tribe_default_ticket_provider":"","_tribe_ticket_capacity":"0","_ticket_start_date":"","_ticket_end_date":"","_tribe_ticket_show_description":"","_tribe_ticket_show_not_going":false,"_tribe_ticket_use_global_stock":"","_tribe_ticket_global_stock_level":"","_global_stock_mode":"","_global_stock_cap":"","_tribe_rsvp_for_event":"","_tribe_ticket_going_count":"","_tribe_ticket_not_going_count":"","_tribe_tickets_list":[],"_tribe_ticket_has_attendee_info_fields":false},"_links":{"self":[{"href":"https:\/\/foreningenkult.dk\/index.php?rest_route=\/wp\/v2\/pages\/7"}],"collection":[{"href":"https:\/\/foreningenkult.dk\/index.php?rest_route=\/wp\/v2\/pages"}],"about":[{"href":"https:\/\/foreningenkult.dk\/index.php?rest_route=\/wp\/v2\/types\/page"}],"author":[{"embeddable":true,"href":"https:\/\/foreningenkult.dk\/index.php?rest_route=\/wp\/v2\/users\/1"}],"replies":[{"embeddable":true,"href":"https:\/\/foreningenkult.dk\/index.php?rest_route=%2Fwp%2Fv2%2Fcomments&post=7"}],"version-history":[{"count":80,"href":"https:\/\/foreningenkult.dk\/index.php?rest_route=\/wp\/v2\/pages\/7\/revisions"}],"predecessor-version":[{"id":1197,"href":"https:\/\/foreningenkult.dk\/index.php?rest_route=\/wp\/v2\/pages\/7\/revisions\/1197"}],"wp:attachment":[{"href":"https:\/\/foreningenkult.dk\/index.php?rest_route=%2Fwp%2Fv2%2Fmedia&parent=7"}],"curies":[{"name":"wp","href":"https:\/\/api.w.org\/{rel}","templated":true}]}}